{"id":459,"date":"2014-02-06T01:51:39","date_gmt":"2014-02-06T06:51:39","guid":{"rendered":"http:\/\/iedlaunion.edu.co\/wps\/index.php\/2014\/02\/06\/identificacion\/"},"modified":"2020-06-06T18:34:08","modified_gmt":"2020-06-06T23:34:08","slug":"identificacion","status":"publish","type":"page","link":"https:\/\/iedlaunion.edu.co\/wps\/institute\/identificacion\/","title":{"rendered":"Identificaci\u00f3n"},"content":{"rendered":"<h3 style=\"font-family: 'Lucida Sans Unicode', 'Lucida Grande', sans-serif; margin-top: 0px; color: #c48400; clear: both; background-color: #ffffff;\">Nombre de la Instituci\u00f3n:<\/h3>\n<div style=\"color: #666666; font-family: Verdana; background-color: #ffffff;\">INSTITUCI\u00d3N EDUCATIVA DISTRITAL LA UNI\u00d3N<\/div>\n<div style=\"color: #666666; font-family: Verdana; background-color: #ffffff;\"><\/div>\n<h3 style=\"font-family: 'Lucida Sans Unicode', 'Lucida Grande', sans-serif; margin-top: 0px; color: #c48400; clear: both; background-color: #ffffff;\">Ubicaci\u00f3n:<\/h3>\n<div style=\"color: #666666; font-family: Verdana; background-color: #ffffff;\">Sede A: CL 35B No. 14 \u2013 10. Tel\u00e9fono: 3620913.<\/div>\n<div style=\"color: #666666; font-family: Verdana; background-color: #ffffff;\">Sede B: CR 18 No. 36B \u2013 105. Tel\u00e9fono 3633169.<\/div>\n<div style=\"color: #666666; font-family: Verdana; background-color: #ffffff;\">Barrio La Uni\u00f3n &#8211; Barranquilla<\/div>\n<div style=\"color: #666666; font-family: Verdana; background-color: #ffffff;\">P\u00e1gina Web:\u00a0<a style=\"font-weight: bold;\" href=\"..\/\">www.iedlaunion.edu.co<\/a>\u00a0&#8211; Correo:\u00a0<a style=\"font-weight: bold;\" href=\"mailto: iedunion@gmail.com\">iedunion@gmail.com<\/a><\/div>\n<div style=\"color: #666666; font-family: Verdana; background-color: #ffffff;\"><\/div>\n<h3 style=\"font-family: 'Lucida Sans Unicode', 'Lucida Grande', sans-serif; margin-top: 0px; color: #c48400; clear: both; background-color: #ffffff;\">Localidad:<\/h3>\n<div style=\"color: #666666; font-family: Verdana; background-color: #ffffff;\">Sur oriente (02)<\/div>\n<div style=\"color: #666666; font-family: Verdana; background-color: #ffffff;\"><\/div>\n<h3 style=\"font-family: 'Lucida Sans Unicode', 'Lucida Grande', sans-serif; margin-top: 0px; color: #c48400; clear: both; background-color: #ffffff;\">Car\u00e1cter:<\/h3>\n<div style=\"color: #666666; font-family: Verdana; background-color: #ffffff;\">OFICIAL<\/div>\n<div style=\"color: #666666; font-family: Verdana; background-color: #ffffff;\"><\/div>\n<h3 style=\"font-family: 'Lucida Sans Unicode', 'Lucida Grande', sans-serif; margin-top: 0px; color: #c48400; clear: both; background-color: #ffffff;\">Jornada:<\/h3>\n<div style=\"color: #666666; font-family: Verdana; background-color: #ffffff;\">Diurna<\/div>\n<div style=\"color: #666666; font-family: Verdana; background-color: #ffffff;\"><\/div>\n<h3 style=\"font-family: 'Lucida Sans Unicode', 'Lucida Grande', sans-serif; margin-top: 0px; color: #c48400; clear: both; background-color: #ffffff;\">C\u00f3digo DANE:<\/h3>\n<div style=\"color: #666666; font-family: Verdana; background-color: #ffffff;\">108001003459<\/div>\n<div style=\"color: #666666; font-family: Verdana; background-color: #ffffff;\"><\/div>\n<h3 style=\"font-family: 'Lucida Sans Unicode', 'Lucida Grande', sans-serif; margin-top: 0px; color: #c48400; clear: both; background-color: #ffffff;\">Niveles:<\/h3>\n<div style=\"color: #666666; font-family: Verdana; background-color: #ffffff;\"><\/div>\n<div style=\"color: #666666; font-family: Verdana; background-color: #ffffff;\">\u2022Preescolar: Jard\u00edn y Transici\u00f3n<\/div>\n<div style=\"color: #666666; font-family: Verdana; background-color: #ffffff;\">\u2022Educaci\u00f3n B\u00e1sica: Grados 1\u00ba, 2\u00ba, 3\u00ba, 4\u00ba, 5\u00ba, 6\u00ba, 7\u00ba, 8\u00ba, 9\u00ba.<\/div>\n<div style=\"color: #666666; font-family: Verdana; background-color: #ffffff;\">\u2022Educaci\u00f3n Media T\u00e9cnica Comercial: 10\u00ba y 11\u00ba.<\/div>\n<h3 style=\"font-family: 'Lucida Sans Unicode', 'Lucida Grande', sans-serif; margin-top: 0px; color: #c48400; clear: both; background-color: #ffffff;\">Nombre del rector:<\/h3>\n<div style=\"color: #666666; font-family: Verdana; background-color: #ffffff;\">GERDY ROSA HODWALKER MART\u00cdNEZ<\/div>\n","protected":false},"excerpt":{"rendered":"<p>Nombre de la Instituci\u00f3n: INSTITUCI\u00d3N EDUCATIVA DISTRITAL LA UNI\u00d3N Ubicaci\u00f3n: Sede A: CL 35B No. 14 \u2013 10. Tel\u00e9fono: 3620913. Sede B: CR 18 No. 36B \u2013 105. Tel\u00e9fono 3633169. Barrio La Uni\u00f3n &#8211; Barranquilla P\u00e1gina Web:\u00a0www.iedlaunion.edu.co\u00a0&#8211; Correo:\u00a0iedunion@gmail.com Localidad: Sur oriente (02) Car\u00e1cter: OFICIAL Jornada: Diurna C\u00f3digo DANE: 108001003459 Niveles: \u2022Preescolar: Jard\u00edn y Transici\u00f3n \u2022Educaci\u00f3n [&hellip;]<\/p>\n","protected":false},"author":1,"featured_media":0,"parent":59,"menu_order":12,"comment_status":"open","ping_status":"open","template":"","meta":{"footnotes":""},"class_list":["post-459","page","type-page","status-publish","hentry"],"_links":{"self":[{"href":"https:\/\/iedlaunion.edu.co\/wps\/wp-json\/wp\/v2\/pages\/459","targetHints":{"allow":["GET"]}}],"collection":[{"href":"https:\/\/iedlaunion.edu.co\/wps\/wp-json\/wp\/v2\/pages"}],"about":[{"href":"https:\/\/iedlaunion.edu.co\/wps\/wp-json\/wp\/v2\/types\/page"}],"author":[{"embeddable":true,"href":"https:\/\/iedlaunion.edu.co\/wps\/wp-json\/wp\/v2\/users\/1"}],"replies":[{"embeddable":true,"href":"https:\/\/iedlaunion.edu.co\/wps\/wp-json\/wp\/v2\/comments?post=459"}],"version-history":[{"count":4,"href":"https:\/\/iedlaunion.edu.co\/wps\/wp-json\/wp\/v2\/pages\/459\/revisions"}],"predecessor-version":[{"id":1130,"href":"https:\/\/iedlaunion.edu.co\/wps\/wp-json\/wp\/v2\/pages\/459\/revisions\/1130"}],"up":[{"embeddable":true,"href":"https:\/\/iedlaunion.edu.co\/wps\/wp-json\/wp\/v2\/pages\/59"}],"wp:attachment":[{"href":"https:\/\/iedlaunion.edu.co\/wps\/wp-json\/wp\/v2\/media?parent=459"}],"curies":[{"name":"wp","href":"https:\/\/api.w.org\/{rel}","templated":true}]}}