{"id":470,"date":"2014-02-06T01:58:48","date_gmt":"2014-02-06T06:58:48","guid":{"rendered":"http:\/\/iedlaunion.edu.co\/wps\/index.php\/2014\/02\/06\/r-interinstitucionales\/"},"modified":"2018-07-14T16:28:49","modified_gmt":"2018-07-14T21:28:49","slug":"r-interinstitucionales","status":"publish","type":"page","link":"https:\/\/iedlaunion.edu.co\/wps\/institute\/r-interinstitucionales\/","title":{"rendered":"R. Interinstitucionales"},"content":{"rendered":"<div style=\"color: #666666; font-family: Verdana; background-color: #ffffff;\">En busca de la cualificaci\u00f3n de la calidad educativa, la INSTITUCI\u00d3N EDUCATIVA DISTRITAL LA UNI\u00d3N \u00a0con el apoyo de la Secretar\u00eda Distrital de Educaci\u00f3n, ha accedido a procesos de formaci\u00f3n en valores, mejoramiento escolar y \u00a0lectura, con la participaci\u00f3n de padres, docentes y estudiantes.<\/div>\n<div style=\"color: #666666; font-family: Verdana; background-color: #ffffff;\"><\/div>\n<div style=\"color: #666666; font-family: Verdana; background-color: #ffffff;\">La INSTITUCI\u00d3N EDUCATIVA DISTRITAL LA UNI\u00d3N \u00a0solicit\u00f3 a Secretar\u00eda de Educaci\u00f3n, su vinculaci\u00f3n al proyecto SENA \u2013 Ministerio de Educaci\u00f3n Nacional, que busca contribuir al desarrollo de las competencias laborales espec\u00edficas, y \u00a0motivar el emprendimiento de iniciativas que generan ingresos propios.<\/div>\n<div style=\"color: #666666; font-family: Verdana; background-color: #ffffff;\"><\/div>\n<div style=\"color: #666666; font-family: Verdana; background-color: #ffffff;\">En la actualidad este convenio est\u00e1 en su fase de articulaci\u00f3n acad\u00e9mica y administrativa.<\/div>\n<div style=\"color: #666666; font-family: Verdana; background-color: #ffffff;\"><\/div>\n<div style=\"color: #666666; font-family: Verdana; background-color: #ffffff;\">La INSTITUCI\u00d3N EDUCATIVA DISTRITAL LA UNI\u00d3N \u00a0est\u00e1 trabajando para la optimizaci\u00f3n del planeamiento, la administraci\u00f3n de los recursos financieros, f\u00edsicos y pedag\u00f3gicos de la desfusi\u00f3n realizada a finales del \u00a0a\u00f1o 2006.<\/div>\n<div style=\"color: #666666; font-family: Verdana; background-color: #ffffff;\"><\/div>\n<div style=\"color: #666666; font-family: Verdana; background-color: #ffffff;\">De otra parte, se ha visionado en los objetivos y metas del proyecto educativo de la instituci\u00f3n, la gesti\u00f3n de convenios con empresas del entorno, que permitan el fortalecimiento f\u00edsico, \u00a0financiero y acad\u00e9mico, a trav\u00e9s de procesos de inversi\u00f3n social.<\/div>\n","protected":false},"excerpt":{"rendered":"<p>En busca de la cualificaci\u00f3n de la calidad educativa, la INSTITUCI\u00d3N EDUCATIVA DISTRITAL LA UNI\u00d3N \u00a0con el apoyo de la Secretar\u00eda Distrital de Educaci\u00f3n, ha accedido a procesos de formaci\u00f3n en valores, mejoramiento escolar y \u00a0lectura, con la participaci\u00f3n de padres, docentes y estudiantes. La INSTITUCI\u00d3N EDUCATIVA DISTRITAL LA UNI\u00d3N \u00a0solicit\u00f3 a Secretar\u00eda de Educaci\u00f3n, [&hellip;]<\/p>\n","protected":false},"author":1,"featured_media":0,"parent":59,"menu_order":2,"comment_status":"open","ping_status":"open","template":"","meta":{"footnotes":""},"class_list":["post-470","page","type-page","status-publish","hentry"],"_links":{"self":[{"href":"https:\/\/iedlaunion.edu.co\/wps\/wp-json\/wp\/v2\/pages\/470","targetHints":{"allow":["GET"]}}],"collection":[{"href":"https:\/\/iedlaunion.edu.co\/wps\/wp-json\/wp\/v2\/pages"}],"about":[{"href":"https:\/\/iedlaunion.edu.co\/wps\/wp-json\/wp\/v2\/types\/page"}],"author":[{"embeddable":true,"href":"https:\/\/iedlaunion.edu.co\/wps\/wp-json\/wp\/v2\/users\/1"}],"replies":[{"embeddable":true,"href":"https:\/\/iedlaunion.edu.co\/wps\/wp-json\/wp\/v2\/comments?post=470"}],"version-history":[{"count":1,"href":"https:\/\/iedlaunion.edu.co\/wps\/wp-json\/wp\/v2\/pages\/470\/revisions"}],"predecessor-version":[{"id":507,"href":"https:\/\/iedlaunion.edu.co\/wps\/wp-json\/wp\/v2\/pages\/470\/revisions\/507"}],"up":[{"embeddable":true,"href":"https:\/\/iedlaunion.edu.co\/wps\/wp-json\/wp\/v2\/pages\/59"}],"wp:attachment":[{"href":"https:\/\/iedlaunion.edu.co\/wps\/wp-json\/wp\/v2\/media?parent=470"}],"curies":[{"name":"wp","href":"https:\/\/api.w.org\/{rel}","templated":true}]}}